{"id":3,"date":"2024-10-21T14:00:29","date_gmt":"2024-10-21T14:00:29","guid":{"rendered":"https:\/\/observatoriofnfp.com\/home\/?page_id=3"},"modified":"2024-11-27T15:36:29","modified_gmt":"2024-11-27T20:36:29","slug":"politica-de-privacidad","status":"publish","type":"page","link":"https:\/\/observatoriofnfp.com\/home\/politica-de-privacidad\/","title":{"rendered":"Pol\u00edtica de privacidad"},"content":{"rendered":"\t\t<div data-elementor-type=\"wp-page\" data-elementor-id=\"3\" class=\"elementor elementor-3\" data-elementor-post-type=\"page\">\n\t\t\t\t<div class=\"elementor-element elementor-element-7bd5539c e-flex e-con-boxed e-con e-parent\" data-id=\"7bd5539c\" data-element_type=\"container\" data-settings=\"{&quot;jet_parallax_layout_list&quot;:[]}\">\n\t\t\t\t\t<div class=\"e-con-inner\">\n\t\t\t\t<div class=\"elementor-element elementor-element-be85c71 elementor-widget elementor-widget-button\" data-id=\"be85c71\" data-element_type=\"widget\" data-widget_type=\"button.default\">\n\t\t\t\t<div class=\"elementor-widget-container\">\n\t\t\t\t\t\t\t\t\t<div class=\"elementor-button-wrapper\">\n\t\t\t\t\t<a class=\"elementor-button elementor-button-link elementor-size-sm\" href=\"\">\n\t\t\t\t\t\t<span class=\"elementor-button-content-wrapper\">\n\t\t\t\t\t\t<span class=\"elementor-button-icon\">\n\t\t\t\t<svg aria-hidden=\"true\" class=\"e-font-icon-svg e-fas-share-square\" viewBox=\"0 0 576 512\" xmlns=\"http:\/\/www.w3.org\/2000\/svg\"><path d=\"M568.482 177.448L424.479 313.433C409.3 327.768 384 317.14 384 295.985v-71.963c-144.575.97-205.566 35.113-164.775 171.353 4.483 14.973-12.846 26.567-25.006 17.33C155.252 383.105 120 326.488 120 269.339c0-143.937 117.599-172.5 264-173.312V24.012c0-21.174 25.317-31.768 40.479-17.448l144.003 135.988c10.02 9.463 10.028 25.425 0 34.896zM384 379.128V448H64V128h50.916a11.99 11.99 0 0 0 8.648-3.693c14.953-15.568 32.237-27.89 51.014-37.676C185.708 80.83 181.584 64 169.033 64H48C21.49 64 0 85.49 0 112v352c0 26.51 21.49 48 48 48h352c26.51 0 48-21.49 48-48v-88.806c0-8.288-8.197-14.066-16.011-11.302a71.83 71.83 0 0 1-34.189 3.377c-7.27-1.046-13.8 4.514-13.8 11.859z\"><\/path><\/svg>\t\t\t<\/span>\n\t\t\t\t\t\t\t\t\t<span class=\"elementor-button-text\">Leer Pol\u00edticas<\/span>\n\t\t\t\t\t<\/span>\n\t\t\t\t\t<\/a>\n\t\t\t\t<\/div>\n\t\t\t\t\t\t\t\t<\/div>\n\t\t\t\t<\/div>\n\t\t\t\t\t<\/div>\n\t\t\t\t<\/div>\n\t\t\t\t<\/div>\n\t\t","protected":false},"excerpt":{"rendered":"<p>Leer Pol\u00edticas<\/p>\n","protected":false},"author":1,"featured_media":0,"parent":0,"menu_order":0,"comment_status":"closed","ping_status":"closed","template":"","meta":{"footnotes":""},"class_list":["post-3","page","type-page","status-publish","hentry"],"yoast_head":"<!-- This site is optimized with the Yoast SEO plugin v24.7 - https:\/\/yoast.com\/wordpress\/plugins\/seo\/ -->\n<title>Pol\u00edtica de privacidad - Observatorio FNFP<\/title>\n<meta name=\"robots\" content=\"index, follow, max-snippet:-1, max-image-preview:large, max-video-preview:-1\" \/>\n<link rel=\"canonical\" href=\"https:\/\/observatoriofnfp.com\/home\/politica-de-privacidad\/\" \/>\n<meta property=\"og:locale\" content=\"es_ES\" \/>\n<meta property=\"og:type\" content=\"article\" \/>\n<meta property=\"og:title\" content=\"Pol\u00edtica de privacidad - Observatorio FNFP\" \/>\n<meta property=\"og:description\" content=\"Leer Pol\u00edticas\" \/>\n<meta property=\"og:url\" content=\"https:\/\/observatoriofnfp.com\/home\/politica-de-privacidad\/\" \/>\n<meta property=\"og:site_name\" content=\"Observatorio FNFP\" \/>\n<meta property=\"article:publisher\" content=\"https:\/\/www.facebook.com\/fedepapa\" \/>\n<meta property=\"article:modified_time\" content=\"2024-11-27T20:36:29+00:00\" \/>\n<meta property=\"og:image\" content=\"https:\/\/observatoriofnfp.com\/home\/wp-content\/uploads\/screenshot.png\" \/>\n\t<meta property=\"og:image:width\" content=\"880\" \/>\n\t<meta property=\"og:image:height\" content=\"660\" \/>\n\t<meta property=\"og:image:type\" content=\"image\/png\" \/>\n<meta name=\"twitter:card\" content=\"summary_large_image\" \/>\n<meta name=\"twitter:site\" content=\"@fedepapaoficial\" \/>\n<script type=\"application\/ld+json\" class=\"yoast-schema-graph\">{\"@context\":\"https:\/\/schema.org\",\"@graph\":[{\"@type\":\"WebPage\",\"@id\":\"https:\/\/observatoriofnfp.com\/home\/politica-de-privacidad\/\",\"url\":\"https:\/\/observatoriofnfp.com\/home\/politica-de-privacidad\/\",\"name\":\"Pol\u00edtica de privacidad - Observatorio FNFP\",\"isPartOf\":{\"@id\":\"https:\/\/observatoriofnfp.com\/home\/#website\"},\"datePublished\":\"2024-10-21T14:00:29+00:00\",\"dateModified\":\"2024-11-27T20:36:29+00:00\",\"breadcrumb\":{\"@id\":\"https:\/\/observatoriofnfp.com\/home\/politica-de-privacidad\/#breadcrumb\"},\"inLanguage\":\"es\",\"potentialAction\":[{\"@type\":\"ReadAction\",\"target\":[\"https:\/\/observatoriofnfp.com\/home\/politica-de-privacidad\/\"]}]},{\"@type\":\"BreadcrumbList\",\"@id\":\"https:\/\/observatoriofnfp.com\/home\/politica-de-privacidad\/#breadcrumb\",\"itemListElement\":[{\"@type\":\"ListItem\",\"position\":1,\"name\":\"Inicio\",\"item\":\"https:\/\/observatoriofnfp.com\/home\/\"},{\"@type\":\"ListItem\",\"position\":2,\"name\":\"Pol\u00edtica de privacidad\"}]},{\"@type\":\"WebSite\",\"@id\":\"https:\/\/observatoriofnfp.com\/home\/#website\",\"url\":\"https:\/\/observatoriofnfp.com\/home\/\",\"name\":\"Observatorio FNFP\",\"description\":\"La principal fuente de inter\u00e9s para la actividad cient\u00edfica de la papa en Colombia.\",\"publisher\":{\"@id\":\"https:\/\/observatoriofnfp.com\/home\/#organization\"},\"alternateName\":\"El Observatorio Colombiano de la Papa \u2013 OCP, es un servicio especializado de consulta, el cual funge como herramienta tecnol\u00f3gica y estrat\u00e9gica para administrar y divulgar informaci\u00f3n del sector papa.\",\"potentialAction\":[{\"@type\":\"SearchAction\",\"target\":{\"@type\":\"EntryPoint\",\"urlTemplate\":\"https:\/\/observatoriofnfp.com\/home\/?s={search_term_string}\"},\"query-input\":{\"@type\":\"PropertyValueSpecification\",\"valueRequired\":true,\"valueName\":\"search_term_string\"}}],\"inLanguage\":\"es\"},{\"@type\":\"Organization\",\"@id\":\"https:\/\/observatoriofnfp.com\/home\/#organization\",\"name\":\"Observatorio Fondo Nacional Fomento de la Papa\",\"alternateName\":\"El Observatorio Colombiano de la Papa \u2013 OCP\",\"url\":\"https:\/\/observatoriofnfp.com\/home\/\",\"logo\":{\"@type\":\"ImageObject\",\"inLanguage\":\"es\",\"@id\":\"https:\/\/observatoriofnfp.com\/home\/#\/schema\/logo\/image\/\",\"url\":\"https:\/\/observatoriofnfp.com\/home\/wp-content\/uploads\/2024\/10\/Logos-en-PNG-04-1.png\",\"contentUrl\":\"https:\/\/observatoriofnfp.com\/home\/wp-content\/uploads\/2024\/10\/Logos-en-PNG-04-1.png\",\"width\":8001,\"height\":4501,\"caption\":\"Observatorio Fondo Nacional Fomento de la Papa\"},\"image\":{\"@id\":\"https:\/\/observatoriofnfp.com\/home\/#\/schema\/logo\/image\/\"},\"sameAs\":[\"https:\/\/www.facebook.com\/fedepapa\",\"https:\/\/x.com\/fedepapaoficial\",\"https:\/\/www.instagram.com\/fedepapanacional\/\",\"https:\/\/www.linkedin.com\/company\/fedepapa-fnfp\/\",\"https:\/\/www.youtube.com\/@fedepapaoficial8093\"]}]}<\/script>\n<!-- \/ Yoast SEO plugin. -->","yoast_head_json":{"title":"Pol\u00edtica de privacidad - Observatorio FNFP","robots":{"index":"index","follow":"follow","max-snippet":"max-snippet:-1","max-image-preview":"max-image-preview:large","max-video-preview":"max-video-preview:-1"},"canonical":"https:\/\/observatoriofnfp.com\/home\/politica-de-privacidad\/","og_locale":"es_ES","og_type":"article","og_title":"Pol\u00edtica de privacidad - Observatorio FNFP","og_description":"Leer Pol\u00edticas","og_url":"https:\/\/observatoriofnfp.com\/home\/politica-de-privacidad\/","og_site_name":"Observatorio FNFP","article_publisher":"https:\/\/www.facebook.com\/fedepapa","article_modified_time":"2024-11-27T20:36:29+00:00","og_image":[{"width":880,"height":660,"url":"https:\/\/observatoriofnfp.com\/home\/wp-content\/uploads\/screenshot.png","type":"image\/png"}],"twitter_card":"summary_large_image","twitter_site":"@fedepapaoficial","schema":{"@context":"https:\/\/schema.org","@graph":[{"@type":"WebPage","@id":"https:\/\/observatoriofnfp.com\/home\/politica-de-privacidad\/","url":"https:\/\/observatoriofnfp.com\/home\/politica-de-privacidad\/","name":"Pol\u00edtica de privacidad - Observatorio FNFP","isPartOf":{"@id":"https:\/\/observatoriofnfp.com\/home\/#website"},"datePublished":"2024-10-21T14:00:29+00:00","dateModified":"2024-11-27T20:36:29+00:00","breadcrumb":{"@id":"https:\/\/observatoriofnfp.com\/home\/politica-de-privacidad\/#breadcrumb"},"inLanguage":"es","potentialAction":[{"@type":"ReadAction","target":["https:\/\/observatoriofnfp.com\/home\/politica-de-privacidad\/"]}]},{"@type":"BreadcrumbList","@id":"https:\/\/observatoriofnfp.com\/home\/politica-de-privacidad\/#breadcrumb","itemListElement":[{"@type":"ListItem","position":1,"name":"Inicio","item":"https:\/\/observatoriofnfp.com\/home\/"},{"@type":"ListItem","position":2,"name":"Pol\u00edtica de privacidad"}]},{"@type":"WebSite","@id":"https:\/\/observatoriofnfp.com\/home\/#website","url":"https:\/\/observatoriofnfp.com\/home\/","name":"Observatorio FNFP","description":"La principal fuente de inter\u00e9s para la actividad cient\u00edfica de la papa en Colombia.","publisher":{"@id":"https:\/\/observatoriofnfp.com\/home\/#organization"},"alternateName":"El Observatorio Colombiano de la Papa \u2013 OCP, es un servicio especializado de consulta, el cual funge como herramienta tecnol\u00f3gica y estrat\u00e9gica para administrar y divulgar informaci\u00f3n del sector papa.","potentialAction":[{"@type":"SearchAction","target":{"@type":"EntryPoint","urlTemplate":"https:\/\/observatoriofnfp.com\/home\/?s={search_term_string}"},"query-input":{"@type":"PropertyValueSpecification","valueRequired":true,"valueName":"search_term_string"}}],"inLanguage":"es"},{"@type":"Organization","@id":"https:\/\/observatoriofnfp.com\/home\/#organization","name":"Observatorio Fondo Nacional Fomento de la Papa","alternateName":"El Observatorio Colombiano de la Papa \u2013 OCP","url":"https:\/\/observatoriofnfp.com\/home\/","logo":{"@type":"ImageObject","inLanguage":"es","@id":"https:\/\/observatoriofnfp.com\/home\/#\/schema\/logo\/image\/","url":"https:\/\/observatoriofnfp.com\/home\/wp-content\/uploads\/2024\/10\/Logos-en-PNG-04-1.png","contentUrl":"https:\/\/observatoriofnfp.com\/home\/wp-content\/uploads\/2024\/10\/Logos-en-PNG-04-1.png","width":8001,"height":4501,"caption":"Observatorio Fondo Nacional Fomento de la Papa"},"image":{"@id":"https:\/\/observatoriofnfp.com\/home\/#\/schema\/logo\/image\/"},"sameAs":["https:\/\/www.facebook.com\/fedepapa","https:\/\/x.com\/fedepapaoficial","https:\/\/www.instagram.com\/fedepapanacional\/","https:\/\/www.linkedin.com\/company\/fedepapa-fnfp\/","https:\/\/www.youtube.com\/@fedepapaoficial8093"]}]}},"_links":{"self":[{"href":"https:\/\/observatoriofnfp.com\/home\/wp-json\/wp\/v2\/pages\/3","targetHints":{"allow":["GET"]}}],"collection":[{"href":"https:\/\/observatoriofnfp.com\/home\/wp-json\/wp\/v2\/pages"}],"about":[{"href":"https:\/\/observatoriofnfp.com\/home\/wp-json\/wp\/v2\/types\/page"}],"author":[{"embeddable":true,"href":"https:\/\/observatoriofnfp.com\/home\/wp-json\/wp\/v2\/users\/1"}],"replies":[{"embeddable":true,"href":"https:\/\/observatoriofnfp.com\/home\/wp-json\/wp\/v2\/comments?post=3"}],"version-history":[{"count":0,"href":"https:\/\/observatoriofnfp.com\/home\/wp-json\/wp\/v2\/pages\/3\/revisions"}],"wp:attachment":[{"href":"https:\/\/observatoriofnfp.com\/home\/wp-json\/wp\/v2\/media?parent=3"}],"curies":[{"name":"wp","href":"https:\/\/api.w.org\/{rel}","templated":true}]}}